{"id":522,"date":"2021-07-09T09:56:52","date_gmt":"2021-07-09T07:56:52","guid":{"rendered":"https:\/\/teknomania.eu\/?page_id=522"},"modified":"2021-07-13T12:55:51","modified_gmt":"2021-07-13T10:55:51","slug":"telephony","status":"publish","type":"page","link":"https:\/\/teknomania.eu\/en\/telephony\/","title":{"rendered":"Telephony"},"content":{"rendered":"<div class=\"wpb-content-wrapper\"><p>[vc_row full_width=&#8221;stretch_row&#8221; equal_height=&#8221;yes&#8221; css=&#8221;.vc_custom_1615848378545{background-image: url(http:\/\/teknomania.eu\/wp-content\/uploads\/2021\/03\/fondo-seccion-movil.png?id=155) !important;}&#8221;][vc_column width=&#8221;1\/2&#8243;][vc_empty_space][vc_column_text]<\/p>\n<h1 style=\"font-size: 22px; text-transform: uppercase;\">MOBILE PHONE FOR DISTRIBUTORS<\/h1>\n<p>[\/vc_column_text][vc_column_text]<\/p>\n<h2>Find the devices you need when you need them<\/h2>\n<p>[\/vc_column_text][vc_column_text]<\/p>\n<div class=\"wpb_column vc_column_container vc_col-sm-6\">\n<div class=\"vc_column-inner\">\n<div class=\"wpb_wrapper\">\n<div class=\"wpb_text_column wpb_content_element \">\n<div class=\"wpb_wrapper\">\n<p>We are wholesale distributors specialising in mobile telephony and we work daily to get you the best deals on the market<\/p>\n<\/div>\n<\/div>\n<\/div>\n<\/div>\n<\/div>\n<p>[\/vc_column_text][vc_btn title=&#8221;SEE MORE&#8221; style=&#8221;flat&#8221; shape=&#8221;round&#8221; color=&#8221;danger&#8221; size=&#8221;lg&#8221; link=&#8221;url:https%3A%2F%2Fteknomania.eu%2Fen%2Foffers-on-cell-phones%2F|title:Offers%20on%20cell%20phones&#8221;][\/vc_column][vc_column width=&#8221;1\/2&#8243;][vc_single_image image=&#8221;151&#8243; img_size=&#8221;full&#8221; alignment=&#8221;right&#8221; css_animation=&#8221;slideInRight&#8221; css=&#8221;.vc_custom_1615848490317{margin-bottom: -60px !important;}&#8221;][\/vc_column][\/vc_row][vc_row gap=&#8221;20&#8243; equal_height=&#8221;yes&#8221; content_placement=&#8221;top&#8221; css_animation=&#8221;zoomIn&#8221; css=&#8221;.vc_custom_1616594534418{margin-top: 30px !important;margin-bottom: 30px !important;}&#8221; el_class=&#8221;espacio-obligado&#8221;][vc_column width=&#8221;1\/3&#8243;][vc_single_image image=&#8221;204&#8243; img_size=&#8221;medium&#8221; alignment=&#8221;center&#8221;][vc_column_text]<\/p>\n<h2 style=\"text-align: center;\"><strong>Tablet offers<\/strong><\/h2>\n<p>[\/vc_column_text][vc_column_text]<\/p>\n<p style=\"text-align: center;\">Check out our wide range and variety of tablets with different ranges and features.<\/p>\n<p>[\/vc_column_text][vc_raw_html]JTNDYSUyMGhyZWYlM0QlMjIlMkZlbiUyRnRhYmxldHMtb2ZmZXJzJTJGJTIyJTIwdGFyZ2V0JTNEJTIyX2JsYW5rJTIyJTBBJTNFJTI2bmJzcCUzQiUwQSUzQ3AlMjBzdHlsZSUzRCUyMnRleHQtYWxpZ24lM0ElMjBjZW50ZXIlM0IlMjIlM0UlMEElM0NzcGFuJTIwc3R5bGUlM0QlMjIlMEElMjBjb2xvciUzQSUyMCUyM2ZmNjYwMCUzQiUwQSUyMGN1cnNvciUzQSUyMHBvaW50ZXIlM0IlMjIlM0UlMEFTZWUlMjBtb3JlJTNDJTJGc3BhbiUzRSUwQSUzQyUyRnAlM0UlMEElM0MlMkZhJTNF[\/vc_raw_html][\/vc_column][vc_column width=&#8221;1\/3&#8243;][vc_single_image image=&#8221;225&#8243; img_size=&#8221;medium&#8221; alignment=&#8221;center&#8221;][vc_column_text]<\/p>\n<h2 style=\"text-align: center;\"><strong>Mobile accessories<\/strong><\/h2>\n<p>[\/vc_column_text][vc_column_text]<\/p>\n<p style=\"text-align: center;\">Chargers, USB cables, headsets and all kinds of accessories for mobile phones.<\/p>\n<p>[\/vc_column_text][vc_raw_html]JTNDYSUyMGhyZWYlM0QlMjIlMkZtb2JpbGUtYWNjZXNzb3JpZXMlMkYlMjIlMjB0YXJnZXQlM0QlMjJfYmxhbmslMjIlMEElM0UlMjZuYnNwJTNCJTBBJTNDcCUyMHN0eWxlJTNEJTIydGV4dC1hbGlnbiUzQSUyMGNlbnRlciUzQiUyMiUzRSUwQSUzQ3NwYW4lMjBzdHlsZSUzRCUyMiUwQSUyMGNvbG9yJTNBJTIwJTIzZmY2NjAwJTNCJTBBJTIwY3Vyc29yJTNBJTIwcG9pbnRlciUzQiUyMiUzRSUwQVNlZSUyMG1vcmUlM0MlMkZzcGFuJTNFJTBBJTNDJTJGcCUzRSUwQSUzQyUyRmElM0U=[\/vc_raw_html][\/vc_column][vc_column width=&#8221;1\/3&#8243;][vc_single_image image=&#8221;226&#8243; img_size=&#8221;medium&#8221; alignment=&#8221;center&#8221;][vc_column_text]<\/p>\n<h2 style=\"text-align: center;\"><strong>Computing and Videogames<\/strong><\/h2>\n<p>[\/vc_column_text][vc_column_text]<\/p>\n<p style=\"text-align: center;\">Laptop computers, peripherals, computer components and all types of game consoles.<\/p>\n<p>[\/vc_column_text][vc_raw_html]JTNDYSUyMGhyZWYlM0QlMjIlMkZlbiUyRmNvbXB1dGluZy1hbmQtdmlkZW9nYW1lcyUyRiUyMiUyMHRhcmdldCUzRCUyMl9ibGFuayUyMiUwQSUzRSUyNm5ic3AlM0IlMEElM0NwJTIwc3R5bGUlM0QlMjJ0ZXh0LWFsaWduJTNBJTIwY2VudGVyJTNCJTIyJTNFJTBBJTNDc3BhbiUyMHN0eWxlJTNEJTIyJTBBJTIwY29sb3IlM0ElMjAlMjNmZjY2MDAlM0IlMEElMjBjdXJzb3IlM0ElMjBwb2ludGVyJTNCJTIyJTNFJTBBU2VlJTIwbW9yZSUzQyUyRnNwYW4lM0UlMEElM0MlMkZwJTNFJTBBJTNDJTJGYSUzRQ==[\/vc_raw_html][\/vc_column][\/vc_row][vc_row full_width=&#8221;stretch_row&#8221; equal_height=&#8221;yes&#8221; css=&#8221;.vc_custom_1615848685648{background-image: url(http:\/\/teknomania.eu\/wp-content\/uploads\/2021\/03\/fondo-seccion-cta.png?id=160) !important;}&#8221;][vc_column width=&#8221;1\/2&#8243;][vc_empty_space][vc_column_text]<\/p>\n<h2>Can&#8217;t find the device you are looking for?<\/h2>\n<p>[\/vc_column_text][vc_column_text]<\/p>\n<h3>We get what you need on request<\/h3>\n<p>[\/vc_column_text][vc_empty_space][vc_btn title=&#8221;ORDER REQUEST&#8221; style=&#8221;flat&#8221; shape=&#8221;round&#8221; color=&#8221;danger&#8221; size=&#8221;lg&#8221; css=&#8221;.vc_custom_1626093717886{padding-right: 5px !important;padding-left: 5px !important;}&#8221; link=&#8221;url:https%3A%2F%2Fteknomania.eu%2Fen%2Frequest-order%2F|target:_blank&#8221;][\/vc_column][vc_column width=&#8221;1\/2&#8243; css=&#8221;.vc_custom_1615876522089{margin-bottom: -60px !important;}&#8221;][vc_single_image image=&#8221;159&#8243; img_size=&#8221;full&#8221; alignment=&#8221;right&#8221; css_animation=&#8221;slideInRight&#8221;][\/vc_column][\/vc_row][vc_row full_width=&#8221;stretch_row&#8221; css=&#8221;.vc_custom_1617703842073{margin-top: 30px !important;margin-right: 70px !important;margin-bottom: -60px !important;margin-left: 70px !important;background: #f2f2f2 url(http:\/\/teknomania.eu\/wp-content\/uploads\/2021\/04\/background-top-section.png?id=371) !important;background-position: 0 0 !important;background-repeat: no-repeat !important;}&#8221;][vc_column][vc_empty_space][vc_empty_space][vc_empty_space][vc_column_text]<\/p>\n<div class=\"wpb_text_column wpb_content_element \">\n<div class=\"wpb_wrapper\">\n<h2 style=\"text-align: center;\"><strong>BE THE FIRST TO KNOW ABOUT OUR OFFERS<\/strong><\/h2>\n<\/div>\n<\/div>\n<div class=\"wpb_text_column wpb_content_element \">\n<div class=\"wpb_wrapper\"><\/div>\n<\/div>\n<p>[\/vc_column_text][vc_column_text]<\/p>\n<div class=\"wpb_text_column wpb_content_element \">\n<div class=\"wpb_wrapper\">\n<p style=\"text-align: center;\">Subscribe to our mailing list to stay updated<\/p>\n<\/div>\n<\/div>\n<p>[\/vc_column_text][vc_column_text]<\/p>\n<p style=\"text-align: center;\">  \n  \n  <div class=\"\n    mailpoet_form_popup_overlay\n      \"><\/div>\n  <div\n    id=\"mailpoet_form_2\"\n    class=\"\n      mailpoet_form\n      mailpoet_form_shortcode\n      mailpoet_form_position_\n      mailpoet_form_animation_\n    \"\n      >\n\n    <style type=\"text\/css\">\n     #mailpoet_form_2 .mailpoet_form {  }\n#mailpoet_form_2 form { margin-bottom: 0; }\n#mailpoet_form_2 ::placeholder { color: black; }\n#mailpoet_form_2 .mailpoet_column_with_background { padding: 0px; }\n#mailpoet_form_2 .mailpoet_form_column:not(:first-child) { padding: 0 20px; }\n#mailpoet_form_2 .mailpoet_form_column:not(:first-child) { margin-left: 0; }\n#mailpoet_form_2 h2.mailpoet-heading { margin: 0 0 20px 0; }\n#mailpoet_form_2 .mailpoet_paragraph { line-height: 20px; margin-bottom: 20px; }\n#mailpoet_form_2 .mailpoet_segment_label, #mailpoet_form_2 .mailpoet_text_label, #mailpoet_form_2 .mailpoet_textarea_label, #mailpoet_form_2 .mailpoet_select_label, #mailpoet_form_2 .mailpoet_radio_label, #mailpoet_form_2 .mailpoet_checkbox_label, #mailpoet_form_2 .mailpoet_list_label, #mailpoet_form_2 .mailpoet_date_label { display: block; font-weight: normal; }\n#mailpoet_form_2 .mailpoet_text, #mailpoet_form_2 .mailpoet_textarea, #mailpoet_form_2 .mailpoet_select, #mailpoet_form_2 .mailpoet_date_month, #mailpoet_form_2 .mailpoet_date_day, #mailpoet_form_2 .mailpoet_date_year, #mailpoet_form_2 .mailpoet_date { display: block; }\n#mailpoet_form_2 .mailpoet_text, #mailpoet_form_2 .mailpoet_textarea { width: 200px; }\n#mailpoet_form_2 .mailpoet_checkbox {  }\n#mailpoet_form_2 .mailpoet_submit {  }\n#mailpoet_form_2 .mailpoet_divider {  }\n#mailpoet_form_2 .mailpoet_message {  }\n#mailpoet_form_2 .mailpoet_form_loading { width: 30px; text-align: center; line-height: normal; }\n#mailpoet_form_2 .mailpoet_form_loading > span { width: 5px; height: 5px; background-color: #5b5b5b; }#mailpoet_form_2{border-radius: 0px;background: #f2efef;color: #333333;text-align: center;}#mailpoet_form_2 form.mailpoet_form {padding: 0px;}#mailpoet_form_2{width: 100%;}#mailpoet_form_2 .mailpoet_message {margin: 0; padding: 0 20px;}\n        #mailpoet_form_2 .mailpoet_validate_success {color: #00d084}\n        #mailpoet_form_2 input.parsley-success {color: #00d084}\n        #mailpoet_form_2 select.parsley-success {color: #00d084}\n        #mailpoet_form_2 textarea.parsley-success {color: #00d084}\n      \n        #mailpoet_form_2 .mailpoet_validate_error {color: #cf2e2e}\n        #mailpoet_form_2 input.parsley-error {color: #cf2e2e}\n        #mailpoet_form_2 select.parsley-error {color: #cf2e2e}\n        #mailpoet_form_2 textarea.textarea.parsley-error {color: #cf2e2e}\n        #mailpoet_form_2 .parsley-errors-list {color: #cf2e2e}\n        #mailpoet_form_2 .parsley-required {color: #cf2e2e}\n        #mailpoet_form_2 .parsley-custom-error-message {color: #cf2e2e}\n      #mailpoet_form_2 .mailpoet_paragraph.last {margin-bottom: 0} @media (max-width: 500px) {#mailpoet_form_2 {background: #f2efef;}} @media (min-width: 500px) {#mailpoet_form_2 .last .mailpoet_paragraph:last-child {margin-bottom: 0}}  @media (max-width: 500px) {#mailpoet_form_2 .mailpoet_form_column:last-child .mailpoet_paragraph:last-child {margin-bottom: 0}} \n    <\/style>\n\n    <form\n      target=\"_self\"\n      method=\"post\"\n      action=\"https:\/\/teknomania.eu\/wp-admin\/admin-post.php?action=mailpoet_subscription_form\"\n      class=\"mailpoet_form mailpoet_form_form mailpoet_form_shortcode\"\n      novalidate\n      data-delay=\"\"\n      data-exit-intent-enabled=\"\"\n      data-font-family=\"\"\n      data-cookie-expiration-time=\"\"\n    >\n      <input type=\"hidden\" name=\"data[form_id]\" value=\"2\" \/>\n      <input type=\"hidden\" name=\"token\" value=\"1edc0c56b3\" \/>\n      <input type=\"hidden\" name=\"api_version\" value=\"v1\" \/>\n      <input type=\"hidden\" name=\"endpoint\" value=\"subscribers\" \/>\n      <input type=\"hidden\" name=\"mailpoet_method\" value=\"subscribe\" \/>\n\n      <label class=\"mailpoet_hp_email_label\" style=\"display: none !important;\">Please leave this field empty<input type=\"email\" name=\"data[email]\"\/><\/label><div class='mailpoet_form_columns_container'><div class=\"mailpoet_form_columns mailpoet_paragraph mailpoet_stack_on_mobile\"><div class=\"mailpoet_form_column\" style=\"flex-basis:33%;\"><div class=\"mailpoet_paragraph input-newsletter\"><input type=\"text\" autocomplete=\"given-name\" class=\"mailpoet_text\" id=\"form_first_name_2\" name=\"data[form_field_NWZjNTRmNWNmNzhlX2ZpcnN0X25hbWU=]\" title=\"Escribe tu nombre\" value=\"\" style=\"width:100%;box-sizing:border-box;padding:10px;margin: 0 auto;font-family:&#039;Cairo&#039;;font-size:16px;line-height:1.5;height:auto;\" data-automation-id=\"form_first_name\"  placeholder=\"Escribe tu nombre *\" aria-label=\"Escribe tu nombre *\" data-parsley-errors-container=\".mailpoet_error_uxr03\" data-parsley-names='[&quot;Please specify a valid name.&quot;,&quot;Addresses in names are not permitted, please add your name instead.&quot;]' data-parsley-required=\"true\" required aria-required=\"true\" data-parsley-required-message=\"This field is required.\"\/><span class=\"mailpoet_error_uxr03\"><\/span><\/div>\n<\/div>\n<div class=\"mailpoet_form_column\" style=\"flex-basis:33%;\"><div class=\"mailpoet_paragraph input-newsletter\"><input type=\"email\" autocomplete=\"email\" class=\"mailpoet_text\" id=\"form_email_2\" name=\"data[form_field_N2Y0M2Q1YWNmNDMzX2VtYWls]\" title=\"Escribe tu email\" value=\"\" style=\"width:100%;box-sizing:border-box;padding:10px;margin: 0 auto;font-family:&#039;Cairo&#039;;font-size:16px;line-height:1.5;height:auto;\" data-automation-id=\"form_email\"  placeholder=\"Escribe tu email *\" aria-label=\"Escribe tu email *\" data-parsley-errors-container=\".mailpoet_error_1vwbs\" data-parsley-required=\"true\" required aria-required=\"true\" data-parsley-minlength=\"6\" data-parsley-maxlength=\"150\" data-parsley-type-message=\"This value should be a valid email.\" data-parsley-required-message=\"This field is required.\"\/><span class=\"mailpoet_error_1vwbs\"><\/span><\/div>\n<\/div>\n<div class=\"mailpoet_form_column\" style=\"flex-basis:33%;\"><div class=\"mailpoet_paragraph boton-newsletter\"><input type=\"submit\" class=\"mailpoet_submit\" value=\"Quiero apuntarme\" data-automation-id=\"subscribe-submit-button\" style=\"width:100%;box-sizing:border-box;padding:10px;margin: 0 auto;font-family:&#039;Cairo&#039;;font-size:16px;line-height:1.5;height:auto;border-color:transparent;\" \/><span class=\"mailpoet_form_loading\"><span class=\"mailpoet_bounce1\"><\/span><span class=\"mailpoet_bounce2\"><\/span><span class=\"mailpoet_bounce3\"><\/span><\/span><\/div>\n<\/div>\n<\/div><\/div>\n<div class='mailpoet_form_columns_container'><div class=\"mailpoet_form_columns mailpoet_paragraph mailpoet_stack_on_mobile\"><div class=\"mailpoet_form_column\" style=\"flex-basis:50%;\"><div class=\"mailpoet_paragraph \"><fieldset><input type=\"hidden\" value=\"1\"  name=\"data[cf_1]\" \/><label class=\"mailpoet_checkbox_label\" for=\"mailpoet_checkbox_1\" style=\"font-size: 16px;line-height: 1.2;\"><input type=\"checkbox\" class=\"mailpoet_checkbox\" id=\"mailpoet_checkbox_1\" name=\"data[cf_1]\" value=\"1\" data-parsley-errors-container=\".mailpoet_error_1e9zt\" data-parsley-required=\"true\" required aria-required=\"true\" data-parsley-required-message=\"This field is required.\" data-parsley-group=\"custom_field_1\" \/> He le\u00eddo y acepto la <a href=\"\/politica-de-privacidad\/\">pol\u00edtica de privacidad<\/a><\/label><\/fieldset><span class=\"mailpoet_error_1e9zt\"><\/span><\/div>\n<\/div>\n<div class=\"mailpoet_form_column\" style=\"flex-basis:50%;\"><p class=\"mailpoet_form_paragraph  mailpoet-has-font-size\" style=\"text-align: left; color: #1e1e1e; font-size: 12px\"><span style=\"font-family: Cairo\" data-font=\"Cairo\" class=\"mailpoet-has-font\">Responsable de los datos: Teknomania SL. Finalidad de los datos: Relaci\u00f3n comercial y env\u00edo de comunicaciones sobre nuestros productos y servicios. Almacenamiento de los datos: Base de datos alojada en Cloudflare. Derechos: En cualquier momento puedes limitar, recuperar y borrar tu informaci\u00f3n.<\/span><\/p>\n<\/div>\n<\/div><\/div>\n\n      <div class=\"mailpoet_message\">\n        <p class=\"mailpoet_validate_success\"\n                style=\"display:none;\"\n                >Revisa tu bandeja de entrada o la carpeta de spam para confirmar tu suscripci\u00f3n.\n        <\/p>\n        <p class=\"mailpoet_validate_error\"\n                style=\"display:none;\"\n                >        <\/p>\n      <\/div>\n    <\/form>\n\n      <\/div>\n<p>[\/vc_column_text][vc_empty_space][vc_empty_space][\/vc_column][\/vc_row]<\/p>\n<\/div>","protected":false},"excerpt":{"rendered":"<p>[vc_row full_width=&#8221;stretch_row&#8221; equal_height=&#8221;yes&#8221; css=&#8221;.vc_custom_1615848378545{background-image: url(http:\/\/teknomania.eu\/wp-content\/uploads\/2021\/03\/fondo-seccion-movil.png?id=155) !important;}&#8221;][vc_column width=&#8221;1\/2&#8243;][vc_empty_space][vc_column_text] MOBILE PHONE FOR DISTRIBUTORS [\/vc_column_text][vc_column_text] Find the devices you need when you need them [\/vc_column_text][vc_column_text] We are wholesale distributors specialising in mobile telephony and we work daily to get you the best deals on the market [\/vc_column_text][vc_btn title=&#8221;SEE MORE&#8221; style=&#8221;flat&#8221; shape=&#8221;round&#8221; color=&#8221;danger&#8221; size=&#8221;lg&#8221; link=&#8221;url:https%3A%2F%2Fteknomania.eu%2Fen%2Foffers-on-cell-phones%2F|title:Offers%20on%20cell%20phones&#8221;][\/vc_column][vc_column width=&#8221;1\/2&#8243;][vc_single_image image=&#8221;151&#8243; img_size=&#8221;full&#8221; alignment=&#8221;right&#8221;&hellip;<\/p>\n","protected":false},"author":1,"featured_media":0,"parent":0,"menu_order":0,"comment_status":"closed","ping_status":"closed","template":"","meta":{"_acf_changed":false,"footnotes":""},"class_list":["post-522","page","type-page","status-publish","hentry","description-off"],"acf":[],"yoast_head":"<!-- This site is optimized with the Yoast SEO plugin v26.8 - https:\/\/yoast.com\/product\/yoast-seo-wordpress\/ -->\n<title>Experts in telephony for your company | Teknomania<\/title>\n<meta name=\"description\" content=\"At Teknomania we are specialists in mobile telephony. Find the devices you need when you need them. \u00a1Come in now!\" \/>\n<meta name=\"robots\" content=\"index, follow, max-snippet:-1, max-image-preview:large, max-video-preview:-1\" \/>\n<link rel=\"canonical\" href=\"https:\/\/teknomania.eu\/en\/telephony\/\" \/>\n<meta property=\"og:locale\" content=\"en_US\" \/>\n<meta property=\"og:type\" content=\"article\" \/>\n<meta property=\"og:title\" content=\"Experts in telephony for your company | Teknomania\" \/>\n<meta property=\"og:description\" content=\"At Teknomania we are specialists in mobile telephony. Find the devices you need when you need them. \u00a1Come in now!\" \/>\n<meta property=\"og:url\" content=\"https:\/\/teknomania.eu\/en\/telephony\/\" \/>\n<meta property=\"og:site_name\" content=\"Teknomania\" \/>\n<meta property=\"article:modified_time\" content=\"2021-07-13T10:55:51+00:00\" \/>\n<meta name=\"twitter:card\" content=\"summary_large_image\" \/>\n<meta name=\"twitter:label1\" content=\"Est. reading time\" \/>\n\t<meta name=\"twitter:data1\" content=\"1 minute\" \/>\n<script type=\"application\/ld+json\" class=\"yoast-schema-graph\">{\"@context\":\"https:\/\/schema.org\",\"@graph\":[{\"@type\":\"WebPage\",\"@id\":\"https:\/\/teknomania.eu\/en\/telephony\/\",\"url\":\"https:\/\/teknomania.eu\/en\/telephony\/\",\"name\":\"Experts in telephony for your company | Teknomania\",\"isPartOf\":{\"@id\":\"https:\/\/teknomania.eu\/#website\"},\"datePublished\":\"2021-07-09T07:56:52+00:00\",\"dateModified\":\"2021-07-13T10:55:51+00:00\",\"description\":\"At Teknomania we are specialists in mobile telephony. Find the devices you need when you need them. \u00a1Come in now!\",\"breadcrumb\":{\"@id\":\"https:\/\/teknomania.eu\/en\/telephony\/#breadcrumb\"},\"inLanguage\":\"en-US\",\"potentialAction\":[{\"@type\":\"ReadAction\",\"target\":[\"https:\/\/teknomania.eu\/en\/telephony\/\"]}]},{\"@type\":\"BreadcrumbList\",\"@id\":\"https:\/\/teknomania.eu\/en\/telephony\/#breadcrumb\",\"itemListElement\":[{\"@type\":\"ListItem\",\"position\":1,\"name\":\"Portada\",\"item\":\"https:\/\/teknomania.eu\/en\/\"},{\"@type\":\"ListItem\",\"position\":2,\"name\":\"Telephony\"}]},{\"@type\":\"WebSite\",\"@id\":\"https:\/\/teknomania.eu\/#website\",\"url\":\"https:\/\/teknomania.eu\/\",\"name\":\"Teknomania\",\"description\":\"Distribuidor de Tel\u00e9fonos M\u00f3viles y Electr\u00f3nica\",\"publisher\":{\"@id\":\"https:\/\/teknomania.eu\/#organization\"},\"potentialAction\":[{\"@type\":\"SearchAction\",\"target\":{\"@type\":\"EntryPoint\",\"urlTemplate\":\"https:\/\/teknomania.eu\/?s={search_term_string}\"},\"query-input\":{\"@type\":\"PropertyValueSpecification\",\"valueRequired\":true,\"valueName\":\"search_term_string\"}}],\"inLanguage\":\"en-US\"},{\"@type\":\"Organization\",\"@id\":\"https:\/\/teknomania.eu\/#organization\",\"name\":\"Teknomania\",\"url\":\"https:\/\/teknomania.eu\/\",\"logo\":{\"@type\":\"ImageObject\",\"inLanguage\":\"en-US\",\"@id\":\"https:\/\/teknomania.eu\/#\/schema\/logo\/image\/\",\"url\":\"https:\/\/teknomania.eu\/wp-content\/uploads\/2021\/03\/teknomania-logotipo.png\",\"contentUrl\":\"https:\/\/teknomania.eu\/wp-content\/uploads\/2021\/03\/teknomania-logotipo.png\",\"width\":181,\"height\":21,\"caption\":\"Teknomania\"},\"image\":{\"@id\":\"https:\/\/teknomania.eu\/#\/schema\/logo\/image\/\"}}]}<\/script>\n<!-- \/ Yoast SEO plugin. -->","yoast_head_json":{"title":"Experts in telephony for your company | Teknomania","description":"At Teknomania we are specialists in mobile telephony. Find the devices you need when you need them. \u00a1Come in now!","robots":{"index":"index","follow":"follow","max-snippet":"max-snippet:-1","max-image-preview":"max-image-preview:large","max-video-preview":"max-video-preview:-1"},"canonical":"https:\/\/teknomania.eu\/en\/telephony\/","og_locale":"en_US","og_type":"article","og_title":"Experts in telephony for your company | Teknomania","og_description":"At Teknomania we are specialists in mobile telephony. Find the devices you need when you need them. \u00a1Come in now!","og_url":"https:\/\/teknomania.eu\/en\/telephony\/","og_site_name":"Teknomania","article_modified_time":"2021-07-13T10:55:51+00:00","twitter_card":"summary_large_image","twitter_misc":{"Est. reading time":"1 minute"},"schema":{"@context":"https:\/\/schema.org","@graph":[{"@type":"WebPage","@id":"https:\/\/teknomania.eu\/en\/telephony\/","url":"https:\/\/teknomania.eu\/en\/telephony\/","name":"Experts in telephony for your company | Teknomania","isPartOf":{"@id":"https:\/\/teknomania.eu\/#website"},"datePublished":"2021-07-09T07:56:52+00:00","dateModified":"2021-07-13T10:55:51+00:00","description":"At Teknomania we are specialists in mobile telephony. Find the devices you need when you need them. \u00a1Come in now!","breadcrumb":{"@id":"https:\/\/teknomania.eu\/en\/telephony\/#breadcrumb"},"inLanguage":"en-US","potentialAction":[{"@type":"ReadAction","target":["https:\/\/teknomania.eu\/en\/telephony\/"]}]},{"@type":"BreadcrumbList","@id":"https:\/\/teknomania.eu\/en\/telephony\/#breadcrumb","itemListElement":[{"@type":"ListItem","position":1,"name":"Portada","item":"https:\/\/teknomania.eu\/en\/"},{"@type":"ListItem","position":2,"name":"Telephony"}]},{"@type":"WebSite","@id":"https:\/\/teknomania.eu\/#website","url":"https:\/\/teknomania.eu\/","name":"Teknomania","description":"Distribuidor de Tel\u00e9fonos M\u00f3viles y Electr\u00f3nica","publisher":{"@id":"https:\/\/teknomania.eu\/#organization"},"potentialAction":[{"@type":"SearchAction","target":{"@type":"EntryPoint","urlTemplate":"https:\/\/teknomania.eu\/?s={search_term_string}"},"query-input":{"@type":"PropertyValueSpecification","valueRequired":true,"valueName":"search_term_string"}}],"inLanguage":"en-US"},{"@type":"Organization","@id":"https:\/\/teknomania.eu\/#organization","name":"Teknomania","url":"https:\/\/teknomania.eu\/","logo":{"@type":"ImageObject","inLanguage":"en-US","@id":"https:\/\/teknomania.eu\/#\/schema\/logo\/image\/","url":"https:\/\/teknomania.eu\/wp-content\/uploads\/2021\/03\/teknomania-logotipo.png","contentUrl":"https:\/\/teknomania.eu\/wp-content\/uploads\/2021\/03\/teknomania-logotipo.png","width":181,"height":21,"caption":"Teknomania"},"image":{"@id":"https:\/\/teknomania.eu\/#\/schema\/logo\/image\/"}}]}},"_links":{"self":[{"href":"https:\/\/teknomania.eu\/en\/wp-json\/wp\/v2\/pages\/522","targetHints":{"allow":["GET"]}}],"collection":[{"href":"https:\/\/teknomania.eu\/en\/wp-json\/wp\/v2\/pages"}],"about":[{"href":"https:\/\/teknomania.eu\/en\/wp-json\/wp\/v2\/types\/page"}],"author":[{"embeddable":true,"href":"https:\/\/teknomania.eu\/en\/wp-json\/wp\/v2\/users\/1"}],"replies":[{"embeddable":true,"href":"https:\/\/teknomania.eu\/en\/wp-json\/wp\/v2\/comments?post=522"}],"version-history":[{"count":3,"href":"https:\/\/teknomania.eu\/en\/wp-json\/wp\/v2\/pages\/522\/revisions"}],"predecessor-version":[{"id":563,"href":"https:\/\/teknomania.eu\/en\/wp-json\/wp\/v2\/pages\/522\/revisions\/563"}],"wp:attachment":[{"href":"https:\/\/teknomania.eu\/en\/wp-json\/wp\/v2\/media?parent=522"}],"curies":[{"name":"wp","href":"https:\/\/api.w.org\/{rel}","templated":true}]}}