{"id":492,"date":"2021-07-05T12:15:28","date_gmt":"2021-07-05T10:15:28","guid":{"rendered":"https:\/\/teknomania.eu\/?page_id=492"},"modified":"2021-07-05T12:15:28","modified_gmt":"2021-07-05T10:15:28","slug":"request-order","status":"publish","type":"page","link":"https:\/\/teknomania.eu\/en\/request-order\/","title":{"rendered":"Request order"},"content":{"rendered":"<div class=\"wpb-content-wrapper\"><p>[vc_row css=&#8221;.vc_custom_1622100970662{margin-top: 30px !important;}&#8221;][vc_column][vc_column_text css=&#8221;.vc_custom_1625480076945{margin-bottom: 50px !important;}&#8221;]<\/p>\n<h2>Send us your data to make your request<\/h2>\n<p>[\/vc_column_text]\n<div class=\"wpcf7 no-js\" id=\"wpcf7-f407-o1\" lang=\"es-ES\" dir=\"ltr\" data-wpcf7-id=\"407\">\n<div class=\"screen-reader-response\"><p role=\"status\" aria-live=\"polite\" aria-atomic=\"true\"><\/p> <ul><\/ul><\/div>\n<form action=\"\/en\/wp-json\/wp\/v2\/pages\/492#wpcf7-f407-o1\" method=\"post\" class=\"wpcf7-form init\" aria-label=\"Formulario de contacto\" novalidate=\"novalidate\" data-status=\"init\">\n<fieldset class=\"hidden-fields-container\"><input type=\"hidden\" name=\"_wpcf7\" value=\"407\" \/><input type=\"hidden\" name=\"_wpcf7_version\" value=\"6.1.5\" \/><input type=\"hidden\" name=\"_wpcf7_locale\" value=\"es_ES\" \/><input type=\"hidden\" name=\"_wpcf7_unit_tag\" value=\"wpcf7-f407-o1\" \/><input type=\"hidden\" name=\"_wpcf7_container_post\" value=\"0\" \/><input type=\"hidden\" name=\"_wpcf7_posted_data_hash\" value=\"\" \/><input type=\"hidden\" name=\"_wpcf7_recaptcha_response\" value=\"\" \/>\n<\/fieldset>\n<div class=\"vc_row\" style=\"margin-bottom: 20px\">\n\t<div class=\"vc_col-md-6\">\n\t\t<h3 style=\"margin-bottom: 15px;\">Datos de contacto\n\t\t<\/h3>\n\t\t<p><span class=\"wpcf7-form-control-wrap\" data-name=\"nombre\"><input size=\"40\" maxlength=\"400\" class=\"wpcf7-form-control wpcf7-text wpcf7-validates-as-required input-formulario\" aria-required=\"true\" aria-invalid=\"false\" placeholder=\"Nombre y Apellidos\" value=\"\" type=\"text\" name=\"nombre\" \/><\/span>\n\t\t<\/p>\n\t\t<p><span class=\"wpcf7-form-control-wrap\" data-name=\"empresa\"><input size=\"40\" maxlength=\"400\" class=\"wpcf7-form-control wpcf7-text wpcf7-validates-as-required input-formulario\" aria-required=\"true\" aria-invalid=\"false\" placeholder=\"Nombre Empresa\" value=\"\" type=\"text\" name=\"empresa\" \/><\/span>\n\t\t<\/p>\n\t\t<p><span class=\"wpcf7-form-control-wrap\" data-name=\"cif\"><input size=\"40\" maxlength=\"400\" class=\"wpcf7-form-control wpcf7-text wpcf7-validates-as-required input-formulario\" aria-required=\"true\" aria-invalid=\"false\" placeholder=\"CIF\" value=\"\" type=\"text\" name=\"cif\" \/><\/span>\n\t\t<\/p>\n\t\t<p><span class=\"wpcf7-form-control-wrap\" data-name=\"direccion\"><input size=\"40\" maxlength=\"400\" class=\"wpcf7-form-control wpcf7-text wpcf7-validates-as-required input-formulario\" aria-required=\"true\" aria-invalid=\"false\" placeholder=\"Direcci\u00f3n\" value=\"\" type=\"text\" name=\"direccion\" \/><\/span>\n\t\t<\/p>\n\t\t<p><span class=\"wpcf7-form-control-wrap\" data-name=\"localidad\"><input size=\"40\" maxlength=\"400\" class=\"wpcf7-form-control wpcf7-text wpcf7-validates-as-required input-formulario\" aria-required=\"true\" aria-invalid=\"false\" placeholder=\"Localidad\" value=\"\" type=\"text\" name=\"localidad\" \/><\/span>\n\t\t<\/p>\n\t\t<p><span class=\"wpcf7-form-control-wrap\" data-name=\"cp\"><input size=\"40\" maxlength=\"400\" class=\"wpcf7-form-control wpcf7-text wpcf7-validates-as-required input-formulario\" aria-required=\"true\" aria-invalid=\"false\" placeholder=\"C\u00f3digo Postal\" value=\"\" type=\"text\" name=\"cp\" \/><\/span>\n\t\t<\/p>\n\t\t<p><span class=\"wpcf7-form-control-wrap\" data-name=\"email\"><input size=\"40\" maxlength=\"400\" class=\"wpcf7-form-control wpcf7-email wpcf7-validates-as-required wpcf7-text wpcf7-validates-as-email input-formulario\" aria-required=\"true\" aria-invalid=\"false\" placeholder=\"Email\" value=\"\" type=\"email\" name=\"email\" \/><\/span>\n\t\t<\/p>\n\t\t<p><span class=\"wpcf7-form-control-wrap\" data-name=\"telefono\"><input size=\"40\" maxlength=\"400\" class=\"wpcf7-form-control wpcf7-tel wpcf7-validates-as-required wpcf7-text wpcf7-validates-as-tel input-formulario\" aria-required=\"true\" aria-invalid=\"false\" placeholder=\"Tel\u00e9fono\" value=\"\" type=\"tel\" name=\"telefono\" \/><\/span>\n\t\t<\/p>\n\t<\/div>\n\t<div class=\"vc_col-md-6\">\n\t\t<h3 style=\"margin-bottom: 15px;\">Datos de producto\n\t\t<\/h3>\n\t\t<p><span class=\"wpcf7-form-control-wrap\" data-name=\"marca\"><input size=\"40\" maxlength=\"400\" class=\"wpcf7-form-control wpcf7-text wpcf7-validates-as-required input-formulario\" aria-required=\"true\" aria-invalid=\"false\" placeholder=\"Marca \/ Modelo\" value=\"\" type=\"text\" name=\"marca\" \/><\/span>\n\t\t<\/p>\n\t\t<p><span class=\"wpcf7-form-control-wrap\" data-name=\"unidades\"><input size=\"40\" maxlength=\"400\" class=\"wpcf7-form-control wpcf7-text wpcf7-validates-as-required input-formulario\" aria-required=\"true\" aria-invalid=\"false\" placeholder=\"N\u00ba de unidades\" value=\"\" type=\"text\" name=\"unidades\" \/><\/span>\n\t\t<\/p>\n\t\t<p><span class=\"wpcf7-form-control-wrap\" data-name=\"especificaciones\"><input size=\"40\" maxlength=\"400\" class=\"wpcf7-form-control wpcf7-text wpcf7-validates-as-required input-formulario\" aria-required=\"true\" aria-invalid=\"false\" placeholder=\"Especificaciones (zona geogr\u00e1fica)\" value=\"\" type=\"text\" name=\"especificaciones\" \/><\/span>\n\t\t<\/p>\n\t\t<h3 style=\"margin-top: 20px; margin-bottom: 15px;\">Notas adicionales\n\t\t<\/h3>\n\t\t<p><span class=\"wpcf7-form-control-wrap\" data-name=\"mensaje\"><textarea cols=\"40\" rows=\"5\" maxlength=\"2000\" class=\"wpcf7-form-control wpcf7-textarea input-formulario\" aria-invalid=\"false\" placeholder=\"Mensaje\" name=\"mensaje\"><\/textarea><\/span>\n\t\t<\/p>\n\t\t<p><span class=\"wpcf7-form-control-wrap\" data-name=\"acceptance-954\"><span class=\"wpcf7-form-control wpcf7-acceptance\"><span class=\"wpcf7-list-item\"><input type=\"checkbox\" name=\"acceptance-954\" value=\"1\" aria-invalid=\"false\" \/><\/span><\/span><\/span> He le\u00eddo y acepto la <a href=\"\/politica-de-privacidad\/\" target=\"_blank\">pol\u00edtica de privacidad<\/a>\n\t\t<\/p>\n\t\t<p style=\"font-size: 13px; line-height: 21px;\">Responsable de los datos: TEKNOMANIA. Finalidad de los datos: Relaci\u00f3n comercial y env\u00edo de comunicaciones sobre nuestros productos y servicios. Almacenamiento de los datos: Base de datos alojada en Cloudflare. Derechos: En cualquier momento puedes limitar, recuperar y borrar tu informaci\u00f3n.\n\t\t<\/p>\n\t<\/div>\n<\/div>\n<p><input class=\"wpcf7-form-control wpcf7-submit has-spinner boton-formulario\" type=\"submit\" value=\"SOLICITA TU PEDIDO\" \/>\n<\/p><div class=\"wpcf7-response-output\" aria-hidden=\"true\"><\/div>\n<\/form>\n<\/div>\n[\/vc_column][\/vc_row][vc_row full_width=&#8221;stretch_row&#8221; css=&#8221;.vc_custom_1618213648000{margin-top: 30px !important;margin-right: 70px !important;margin-bottom: -60px !important;margin-left: 70px !important;padding-top: 150px !important;padding-bottom: 60px !important;background: #f2f2f2 url(http:\/\/teknomania.eu\/wp-content\/uploads\/2021\/04\/fondo-formu-grande.png?id=420) !important;background-position: center !important;background-repeat: no-repeat !important;background-size: cover !important;}&#8221;][vc_column][vc_column_text]<\/p>\n<h2 style=\"text-align: center;\">BE THE FIRST TO KNOW ABOUT OUR OFFERS<\/h2>\n<p>[\/vc_column_text][vc_column_text]<\/p>\n<p style=\"text-align: center;\">Subscribe to our mailing list to stay updated<\/p>\n<p>[\/vc_column_text][vc_column_text]<\/p>\n<div class=\"caja-newsletter\">  \n  \n  <div class=\"\n    mailpoet_form_popup_overlay\n      \"><\/div>\n  <div\n    id=\"mailpoet_form_2\"\n    class=\"\n      mailpoet_form\n      mailpoet_form_shortcode\n      mailpoet_form_position_\n      mailpoet_form_animation_\n    \"\n      >\n\n    <style type=\"text\/css\">\n     #mailpoet_form_2 .mailpoet_form {  }\n#mailpoet_form_2 form { margin-bottom: 0; }\n#mailpoet_form_2 ::placeholder { color: black; }\n#mailpoet_form_2 .mailpoet_column_with_background { padding: 0px; }\n#mailpoet_form_2 .mailpoet_form_column:not(:first-child) { padding: 0 20px; }\n#mailpoet_form_2 .mailpoet_form_column:not(:first-child) { margin-left: 0; }\n#mailpoet_form_2 h2.mailpoet-heading { margin: 0 0 20px 0; }\n#mailpoet_form_2 .mailpoet_paragraph { line-height: 20px; margin-bottom: 20px; }\n#mailpoet_form_2 .mailpoet_segment_label, #mailpoet_form_2 .mailpoet_text_label, #mailpoet_form_2 .mailpoet_textarea_label, #mailpoet_form_2 .mailpoet_select_label, #mailpoet_form_2 .mailpoet_radio_label, #mailpoet_form_2 .mailpoet_checkbox_label, #mailpoet_form_2 .mailpoet_list_label, #mailpoet_form_2 .mailpoet_date_label { display: block; font-weight: normal; }\n#mailpoet_form_2 .mailpoet_text, #mailpoet_form_2 .mailpoet_textarea, #mailpoet_form_2 .mailpoet_select, #mailpoet_form_2 .mailpoet_date_month, #mailpoet_form_2 .mailpoet_date_day, #mailpoet_form_2 .mailpoet_date_year, #mailpoet_form_2 .mailpoet_date { display: block; }\n#mailpoet_form_2 .mailpoet_text, #mailpoet_form_2 .mailpoet_textarea { width: 200px; }\n#mailpoet_form_2 .mailpoet_checkbox {  }\n#mailpoet_form_2 .mailpoet_submit {  }\n#mailpoet_form_2 .mailpoet_divider {  }\n#mailpoet_form_2 .mailpoet_message {  }\n#mailpoet_form_2 .mailpoet_form_loading { width: 30px; text-align: center; line-height: normal; }\n#mailpoet_form_2 .mailpoet_form_loading > span { width: 5px; height: 5px; background-color: #5b5b5b; }#mailpoet_form_2{border-radius: 0px;background: #f2efef;color: #333333;text-align: center;}#mailpoet_form_2 form.mailpoet_form {padding: 0px;}#mailpoet_form_2{width: 100%;}#mailpoet_form_2 .mailpoet_message {margin: 0; padding: 0 20px;}\n        #mailpoet_form_2 .mailpoet_validate_success {color: #00d084}\n        #mailpoet_form_2 input.parsley-success {color: #00d084}\n        #mailpoet_form_2 select.parsley-success {color: #00d084}\n        #mailpoet_form_2 textarea.parsley-success {color: #00d084}\n      \n        #mailpoet_form_2 .mailpoet_validate_error {color: #cf2e2e}\n        #mailpoet_form_2 input.parsley-error {color: #cf2e2e}\n        #mailpoet_form_2 select.parsley-error {color: #cf2e2e}\n        #mailpoet_form_2 textarea.textarea.parsley-error {color: #cf2e2e}\n        #mailpoet_form_2 .parsley-errors-list {color: #cf2e2e}\n        #mailpoet_form_2 .parsley-required {color: #cf2e2e}\n        #mailpoet_form_2 .parsley-custom-error-message {color: #cf2e2e}\n      #mailpoet_form_2 .mailpoet_paragraph.last {margin-bottom: 0} @media (max-width: 500px) {#mailpoet_form_2 {background: #f2efef;}} @media (min-width: 500px) {#mailpoet_form_2 .last .mailpoet_paragraph:last-child {margin-bottom: 0}}  @media (max-width: 500px) {#mailpoet_form_2 .mailpoet_form_column:last-child .mailpoet_paragraph:last-child {margin-bottom: 0}} \n    <\/style>\n\n    <form\n      target=\"_self\"\n      method=\"post\"\n      action=\"https:\/\/teknomania.eu\/wp-admin\/admin-post.php?action=mailpoet_subscription_form\"\n      class=\"mailpoet_form mailpoet_form_form mailpoet_form_shortcode\"\n      novalidate\n      data-delay=\"\"\n      data-exit-intent-enabled=\"\"\n      data-font-family=\"\"\n      data-cookie-expiration-time=\"\"\n    >\n      <input type=\"hidden\" name=\"data[form_id]\" value=\"2\" \/>\n      <input type=\"hidden\" name=\"token\" value=\"1edc0c56b3\" \/>\n      <input type=\"hidden\" name=\"api_version\" value=\"v1\" \/>\n      <input type=\"hidden\" name=\"endpoint\" value=\"subscribers\" \/>\n      <input type=\"hidden\" name=\"mailpoet_method\" value=\"subscribe\" \/>\n\n      <label class=\"mailpoet_hp_email_label\" style=\"display: none !important;\">Please leave this field empty<input type=\"email\" name=\"data[email]\"\/><\/label><div class='mailpoet_form_columns_container'><div class=\"mailpoet_form_columns mailpoet_paragraph mailpoet_stack_on_mobile\"><div class=\"mailpoet_form_column\" style=\"flex-basis:33%;\"><div class=\"mailpoet_paragraph input-newsletter\"><input type=\"text\" autocomplete=\"given-name\" class=\"mailpoet_text\" id=\"form_first_name_2\" name=\"data[form_field_NWZjNTRmNWNmNzhlX2ZpcnN0X25hbWU=]\" title=\"Escribe tu nombre\" value=\"\" style=\"width:100%;box-sizing:border-box;padding:10px;margin: 0 auto;font-family:&#039;Cairo&#039;;font-size:16px;line-height:1.5;height:auto;\" data-automation-id=\"form_first_name\"  placeholder=\"Escribe tu nombre *\" aria-label=\"Escribe tu nombre *\" data-parsley-errors-container=\".mailpoet_error_10l31\" data-parsley-names='[&quot;Please specify a valid name.&quot;,&quot;Addresses in names are not permitted, please add your name instead.&quot;]' data-parsley-required=\"true\" required aria-required=\"true\" data-parsley-required-message=\"This field is required.\"\/><span class=\"mailpoet_error_10l31\"><\/span><\/div>\n<\/div>\n<div class=\"mailpoet_form_column\" style=\"flex-basis:33%;\"><div class=\"mailpoet_paragraph input-newsletter\"><input type=\"email\" autocomplete=\"email\" class=\"mailpoet_text\" id=\"form_email_2\" name=\"data[form_field_N2Y0M2Q1YWNmNDMzX2VtYWls]\" title=\"Escribe tu email\" value=\"\" style=\"width:100%;box-sizing:border-box;padding:10px;margin: 0 auto;font-family:&#039;Cairo&#039;;font-size:16px;line-height:1.5;height:auto;\" data-automation-id=\"form_email\"  placeholder=\"Escribe tu email *\" aria-label=\"Escribe tu email *\" data-parsley-errors-container=\".mailpoet_error_lxwge\" data-parsley-required=\"true\" required aria-required=\"true\" data-parsley-minlength=\"6\" data-parsley-maxlength=\"150\" data-parsley-type-message=\"This value should be a valid email.\" data-parsley-required-message=\"This field is required.\"\/><span class=\"mailpoet_error_lxwge\"><\/span><\/div>\n<\/div>\n<div class=\"mailpoet_form_column\" style=\"flex-basis:33%;\"><div class=\"mailpoet_paragraph boton-newsletter\"><input type=\"submit\" class=\"mailpoet_submit\" value=\"Quiero apuntarme\" data-automation-id=\"subscribe-submit-button\" style=\"width:100%;box-sizing:border-box;padding:10px;margin: 0 auto;font-family:&#039;Cairo&#039;;font-size:16px;line-height:1.5;height:auto;border-color:transparent;\" \/><span class=\"mailpoet_form_loading\"><span class=\"mailpoet_bounce1\"><\/span><span class=\"mailpoet_bounce2\"><\/span><span class=\"mailpoet_bounce3\"><\/span><\/span><\/div>\n<\/div>\n<\/div><\/div>\n<div class='mailpoet_form_columns_container'><div class=\"mailpoet_form_columns mailpoet_paragraph mailpoet_stack_on_mobile\"><div class=\"mailpoet_form_column\" style=\"flex-basis:50%;\"><div class=\"mailpoet_paragraph \"><fieldset><input type=\"hidden\" value=\"1\"  name=\"data[cf_1]\" \/><label class=\"mailpoet_checkbox_label\" for=\"mailpoet_checkbox_1\" style=\"font-size: 16px;line-height: 1.2;\"><input type=\"checkbox\" class=\"mailpoet_checkbox\" id=\"mailpoet_checkbox_1\" name=\"data[cf_1]\" value=\"1\" data-parsley-errors-container=\".mailpoet_error_17vz9\" data-parsley-required=\"true\" required aria-required=\"true\" data-parsley-required-message=\"This field is required.\" data-parsley-group=\"custom_field_1\" \/> He le\u00eddo y acepto la <a href=\"\/politica-de-privacidad\/\">pol\u00edtica de privacidad<\/a><\/label><\/fieldset><span class=\"mailpoet_error_17vz9\"><\/span><\/div>\n<\/div>\n<div class=\"mailpoet_form_column\" style=\"flex-basis:50%;\"><p class=\"mailpoet_form_paragraph  mailpoet-has-font-size\" style=\"text-align: left; color: #1e1e1e; font-size: 12px\"><span style=\"font-family: Cairo\" data-font=\"Cairo\" class=\"mailpoet-has-font\">Responsable de los datos: Teknomania SL. Finalidad de los datos: Relaci\u00f3n comercial y env\u00edo de comunicaciones sobre nuestros productos y servicios. Almacenamiento de los datos: Base de datos alojada en Cloudflare. Derechos: En cualquier momento puedes limitar, recuperar y borrar tu informaci\u00f3n.<\/span><\/p>\n<\/div>\n<\/div><\/div>\n\n      <div class=\"mailpoet_message\">\n        <p class=\"mailpoet_validate_success\"\n                style=\"display:none;\"\n                >Revisa tu bandeja de entrada o la carpeta de spam para confirmar tu suscripci\u00f3n.\n        <\/p>\n        <p class=\"mailpoet_validate_error\"\n                style=\"display:none;\"\n                >        <\/p>\n      <\/div>\n    <\/form>\n\n      <\/div>\n\n  <\/div>\n<p>[\/vc_column_text][\/vc_column][\/vc_row]<\/p>\n<\/div>","protected":false},"excerpt":{"rendered":"<p>[vc_row css=&#8221;.vc_custom_1622100970662{margin-top: 30px !important;}&#8221;][vc_column][vc_column_text css=&#8221;.vc_custom_1625480076945{margin-bottom: 50px !important;}&#8221;] Send us your data to make your request [\/vc_column_text][\/vc_column][\/vc_row][vc_row full_width=&#8221;stretch_row&#8221; css=&#8221;.vc_custom_1618213648000{margin-top: 30px !important;margin-right: 70px !important;margin-bottom: -60px !important;margin-left: 70px !important;padding-top: 150px !important;padding-bottom: 60px !important;background: #f2f2f2 url(http:\/\/teknomania.eu\/wp-content\/uploads\/2021\/04\/fondo-formu-grande.png?id=420) !important;background-position: center !important;background-repeat: no-repeat !important;background-size: cover !important;}&#8221;][vc_column][vc_column_text] BE THE FIRST TO KNOW ABOUT OUR OFFERS [\/vc_column_text][vc_column_text] Subscribe to our mailing list to stay&hellip;<\/p>\n","protected":false},"author":1,"featured_media":0,"parent":0,"menu_order":0,"comment_status":"closed","ping_status":"closed","template":"","meta":{"_acf_changed":false,"footnotes":""},"class_list":["post-492","page","type-page","status-publish","hentry","description-off"],"acf":[],"yoast_head":"<!-- This site is optimized with the Yoast SEO plugin v26.8 - https:\/\/yoast.com\/product\/yoast-seo-wordpress\/ -->\n<title>Request order - Teknomania<\/title>\n<meta name=\"robots\" content=\"index, follow, max-snippet:-1, max-image-preview:large, max-video-preview:-1\" \/>\n<link rel=\"canonical\" href=\"https:\/\/teknomania.eu\/en\/request-order\/\" \/>\n<meta property=\"og:locale\" content=\"en_US\" \/>\n<meta property=\"og:type\" content=\"article\" \/>\n<meta property=\"og:title\" content=\"Request order - Teknomania\" \/>\n<meta property=\"og:description\" content=\"[vc_row css=&#8221;.vc_custom_1622100970662{margin-top: 30px !important;}&#8221;][vc_column][vc_column_text css=&#8221;.vc_custom_1625480076945{margin-bottom: 50px !important;}&#8221;] Send us your data to make your request [\/vc_column_text][\/vc_column][\/vc_row][vc_row full_width=&#8221;stretch_row&#8221; css=&#8221;.vc_custom_1618213648000{margin-top: 30px !important;margin-right: 70px !important;margin-bottom: -60px !important;margin-left: 70px !important;padding-top: 150px !important;padding-bottom: 60px !important;background: #f2f2f2 url(http:\/\/teknomania.eu\/wp-content\/uploads\/2021\/04\/fondo-formu-grande.png?id=420) !important;background-position: center !important;background-repeat: no-repeat !important;background-size: cover !important;}&#8221;][vc_column][vc_column_text] BE THE FIRST TO KNOW ABOUT OUR OFFERS [\/vc_column_text][vc_column_text] Subscribe to our mailing list to stay&hellip;\" \/>\n<meta property=\"og:url\" content=\"https:\/\/teknomania.eu\/en\/request-order\/\" \/>\n<meta property=\"og:site_name\" content=\"Teknomania\" \/>\n<meta name=\"twitter:card\" content=\"summary_large_image\" \/>\n<meta name=\"twitter:label1\" content=\"Est. reading time\" \/>\n\t<meta name=\"twitter:data1\" content=\"1 minute\" \/>\n<script type=\"application\/ld+json\" class=\"yoast-schema-graph\">{\"@context\":\"https:\/\/schema.org\",\"@graph\":[{\"@type\":\"WebPage\",\"@id\":\"https:\/\/teknomania.eu\/en\/request-order\/\",\"url\":\"https:\/\/teknomania.eu\/en\/request-order\/\",\"name\":\"Request order - Teknomania\",\"isPartOf\":{\"@id\":\"https:\/\/teknomania.eu\/#website\"},\"datePublished\":\"2021-07-05T10:15:28+00:00\",\"breadcrumb\":{\"@id\":\"https:\/\/teknomania.eu\/en\/request-order\/#breadcrumb\"},\"inLanguage\":\"en-US\",\"potentialAction\":[{\"@type\":\"ReadAction\",\"target\":[\"https:\/\/teknomania.eu\/en\/request-order\/\"]}]},{\"@type\":\"BreadcrumbList\",\"@id\":\"https:\/\/teknomania.eu\/en\/request-order\/#breadcrumb\",\"itemListElement\":[{\"@type\":\"ListItem\",\"position\":1,\"name\":\"Portada\",\"item\":\"https:\/\/teknomania.eu\/en\/\"},{\"@type\":\"ListItem\",\"position\":2,\"name\":\"Request order\"}]},{\"@type\":\"WebSite\",\"@id\":\"https:\/\/teknomania.eu\/#website\",\"url\":\"https:\/\/teknomania.eu\/\",\"name\":\"Teknomania\",\"description\":\"Distribuidor de Tel\u00e9fonos M\u00f3viles y Electr\u00f3nica\",\"publisher\":{\"@id\":\"https:\/\/teknomania.eu\/#organization\"},\"potentialAction\":[{\"@type\":\"SearchAction\",\"target\":{\"@type\":\"EntryPoint\",\"urlTemplate\":\"https:\/\/teknomania.eu\/?s={search_term_string}\"},\"query-input\":{\"@type\":\"PropertyValueSpecification\",\"valueRequired\":true,\"valueName\":\"search_term_string\"}}],\"inLanguage\":\"en-US\"},{\"@type\":\"Organization\",\"@id\":\"https:\/\/teknomania.eu\/#organization\",\"name\":\"Teknomania\",\"url\":\"https:\/\/teknomania.eu\/\",\"logo\":{\"@type\":\"ImageObject\",\"inLanguage\":\"en-US\",\"@id\":\"https:\/\/teknomania.eu\/#\/schema\/logo\/image\/\",\"url\":\"https:\/\/teknomania.eu\/wp-content\/uploads\/2021\/03\/teknomania-logotipo.png\",\"contentUrl\":\"https:\/\/teknomania.eu\/wp-content\/uploads\/2021\/03\/teknomania-logotipo.png\",\"width\":181,\"height\":21,\"caption\":\"Teknomania\"},\"image\":{\"@id\":\"https:\/\/teknomania.eu\/#\/schema\/logo\/image\/\"}}]}<\/script>\n<!-- \/ Yoast SEO plugin. -->","yoast_head_json":{"title":"Request order - Teknomania","robots":{"index":"index","follow":"follow","max-snippet":"max-snippet:-1","max-image-preview":"max-image-preview:large","max-video-preview":"max-video-preview:-1"},"canonical":"https:\/\/teknomania.eu\/en\/request-order\/","og_locale":"en_US","og_type":"article","og_title":"Request order - Teknomania","og_description":"[vc_row css=&#8221;.vc_custom_1622100970662{margin-top: 30px !important;}&#8221;][vc_column][vc_column_text css=&#8221;.vc_custom_1625480076945{margin-bottom: 50px !important;}&#8221;] Send us your data to make your request [\/vc_column_text][\/vc_column][\/vc_row][vc_row full_width=&#8221;stretch_row&#8221; css=&#8221;.vc_custom_1618213648000{margin-top: 30px !important;margin-right: 70px !important;margin-bottom: -60px !important;margin-left: 70px !important;padding-top: 150px !important;padding-bottom: 60px !important;background: #f2f2f2 url(http:\/\/teknomania.eu\/wp-content\/uploads\/2021\/04\/fondo-formu-grande.png?id=420) !important;background-position: center !important;background-repeat: no-repeat !important;background-size: cover !important;}&#8221;][vc_column][vc_column_text] BE THE FIRST TO KNOW ABOUT OUR OFFERS [\/vc_column_text][vc_column_text] Subscribe to our mailing list to stay&hellip;","og_url":"https:\/\/teknomania.eu\/en\/request-order\/","og_site_name":"Teknomania","twitter_card":"summary_large_image","twitter_misc":{"Est. reading time":"1 minute"},"schema":{"@context":"https:\/\/schema.org","@graph":[{"@type":"WebPage","@id":"https:\/\/teknomania.eu\/en\/request-order\/","url":"https:\/\/teknomania.eu\/en\/request-order\/","name":"Request order - Teknomania","isPartOf":{"@id":"https:\/\/teknomania.eu\/#website"},"datePublished":"2021-07-05T10:15:28+00:00","breadcrumb":{"@id":"https:\/\/teknomania.eu\/en\/request-order\/#breadcrumb"},"inLanguage":"en-US","potentialAction":[{"@type":"ReadAction","target":["https:\/\/teknomania.eu\/en\/request-order\/"]}]},{"@type":"BreadcrumbList","@id":"https:\/\/teknomania.eu\/en\/request-order\/#breadcrumb","itemListElement":[{"@type":"ListItem","position":1,"name":"Portada","item":"https:\/\/teknomania.eu\/en\/"},{"@type":"ListItem","position":2,"name":"Request order"}]},{"@type":"WebSite","@id":"https:\/\/teknomania.eu\/#website","url":"https:\/\/teknomania.eu\/","name":"Teknomania","description":"Distribuidor de Tel\u00e9fonos M\u00f3viles y Electr\u00f3nica","publisher":{"@id":"https:\/\/teknomania.eu\/#organization"},"potentialAction":[{"@type":"SearchAction","target":{"@type":"EntryPoint","urlTemplate":"https:\/\/teknomania.eu\/?s={search_term_string}"},"query-input":{"@type":"PropertyValueSpecification","valueRequired":true,"valueName":"search_term_string"}}],"inLanguage":"en-US"},{"@type":"Organization","@id":"https:\/\/teknomania.eu\/#organization","name":"Teknomania","url":"https:\/\/teknomania.eu\/","logo":{"@type":"ImageObject","inLanguage":"en-US","@id":"https:\/\/teknomania.eu\/#\/schema\/logo\/image\/","url":"https:\/\/teknomania.eu\/wp-content\/uploads\/2021\/03\/teknomania-logotipo.png","contentUrl":"https:\/\/teknomania.eu\/wp-content\/uploads\/2021\/03\/teknomania-logotipo.png","width":181,"height":21,"caption":"Teknomania"},"image":{"@id":"https:\/\/teknomania.eu\/#\/schema\/logo\/image\/"}}]}},"_links":{"self":[{"href":"https:\/\/teknomania.eu\/en\/wp-json\/wp\/v2\/pages\/492","targetHints":{"allow":["GET"]}}],"collection":[{"href":"https:\/\/teknomania.eu\/en\/wp-json\/wp\/v2\/pages"}],"about":[{"href":"https:\/\/teknomania.eu\/en\/wp-json\/wp\/v2\/types\/page"}],"author":[{"embeddable":true,"href":"https:\/\/teknomania.eu\/en\/wp-json\/wp\/v2\/users\/1"}],"replies":[{"embeddable":true,"href":"https:\/\/teknomania.eu\/en\/wp-json\/wp\/v2\/comments?post=492"}],"version-history":[{"count":1,"href":"https:\/\/teknomania.eu\/en\/wp-json\/wp\/v2\/pages\/492\/revisions"}],"predecessor-version":[{"id":493,"href":"https:\/\/teknomania.eu\/en\/wp-json\/wp\/v2\/pages\/492\/revisions\/493"}],"wp:attachment":[{"href":"https:\/\/teknomania.eu\/en\/wp-json\/wp\/v2\/media?parent=492"}],"curies":[{"name":"wp","href":"https:\/\/api.w.org\/{rel}","templated":true}]}}